{"id":370,"date":"2023-07-26T14:18:10","date_gmt":"2023-07-26T07:18:10","guid":{"rendered":"http:\/\/tinimex.yourweb.com.vn\/?page_id=370"},"modified":"2023-07-26T14:33:05","modified_gmt":"2023-07-26T14:33:05","slug":"certificate","status":"publish","type":"page","link":"https:\/\/tinimex.com\/vi\/certificate\/","title":{"rendered":"Certificate"},"content":{"rendered":"<h1><b>TINIMEX\u2019S CERTIFICATES<\/b><\/h1>\n<div class=\"\">Tinimex Co.,Ltd c\u00f3 tr\u1ee5 s\u1edf ch\u00ednh t\u1ea1i Vi\u1ec7t Nam v\u1edbi c\u00e1c v\u0103n ph\u00f2ng \u0111\u1eb7t t\u1ea1i Th\u00e0nh ph\u1ed1 H\u00e0 N\u1ed9i, Vi\u1ec7t Nam. Gia v\u1ecb, tr\u00e1i c\u00e2y t\u01b0\u01a1i, tr\u00e1i c\u00e2y s\u1ea5y kh\u00f4 v\u00e0 c\u00e1c s\u1ea3n ph\u1ea9m th\u00e2n thi\u1ec7n v\u1edbi m\u00f4i tr\u01b0\u1eddng l\u00e0 m\u1ed9t trong nh\u1eefng s\u1ea3n ph\u1ea9m ch\u1ee7 l\u1ef1c c\u1ee7a ch\u00fang t\u00f4i. Ch\u00fang t\u00f4i thu mua tr\u1ef1c ti\u1ebfp t\u1eeb n\u00f4ng d\u00e2n \u0111\u1ec3 \u0111\u1ea3m b\u1ea3o ch\u1ea5t l\u01b0\u1ee3ng t\u1ed1t nh\u1ea5t, gi\u00e1 c\u1ea3 t\u1ed1i \u01b0u v\u00e0 ngu\u1ed3n cung d\u1ed3i d\u00e0o.<br \/>\nCh\u00fang t\u00f4i \u0111\u00e3 v\u00e0 \u0111ang tri\u1ec3n khai h\u1ec7 th\u1ed1ng HACCP trong s\u1ea3n xu\u1ea5t nh\u01b0 m\u1ed9t c\u00e1ch \u0111\u1ec3 gi\u1ea3m r\u1ee7i ro v\u1ec1 c\u00e1c m\u1ed1i nguy hi\u1ec3m v\u1ec1 an to\u00e0n trong c\u00e1c s\u1ea3n ph\u1ea9m c\u1ee7a ch\u00fang t\u00f4i.<\/div>\n\t<div id=\"gap-1157818789\" class=\"gap-element clearfix\" style=\"display:block; height:auto;\">\n\t\t\n<style>\n#gap-1157818789 {\n  padding-top: 30px;\n}\n<\/style>\n\t<\/div>\n\t\n<div class=\"row\"  id=\"row-1832829182\">\n\n\t<div id=\"col-561144329\" class=\"col medium-3 small-12 large-3\"  >\n\t\t\t\t<div class=\"col-inner\"  >\n\t\t\t\n\t\t\t\n\t<div class=\"img has-hover x md-x lg-x y md-y lg-y\" id=\"image_1467516681\">\n\t\t<a class=\"image-lightbox lightbox-gallery\" title=\"\" href=\"https:\/\/tinimex.com\/wp-content\/uploads\/2023\/07\/ISO.jpg\">\t\t\t\t\t\t<div class=\"img-inner dark\" >\n\t\t\t<img loading=\"lazy\" decoding=\"async\" width=\"263\" height=\"400\" src=\"https:\/\/tinimex.com\/wp-content\/uploads\/2023\/07\/ISO-263x400.jpg\" class=\"attachment-medium size-medium\" alt=\"\" srcset=\"https:\/\/tinimex.com\/wp-content\/uploads\/2023\/07\/ISO-263x400.jpg 263w, https:\/\/tinimex.com\/wp-content\/uploads\/2023\/07\/ISO-526x800.jpg 526w, https:\/\/tinimex.com\/wp-content\/uploads\/2023\/07\/ISO.jpg 567w\" sizes=\"(max-width: 263px) 100vw, 263px\" \/>\t\t\t\t\t\t\n\t\t\t\t\t<\/div>\n\t\t\t\t\t\t<\/a>\t\t\n<style>\n#image_1467516681 {\n  width: 100%;\n}\n<\/style>\n\t<\/div>\n\t\n\t\t<\/div>\n\t\t\t\t\t<\/div>\n\n\t\n\n\t<div id=\"col-1098045448\" class=\"col medium-3 small-12 large-3\"  >\n\t\t\t\t<div class=\"col-inner\"  >\n\t\t\t\n\t\t\t\n\t<div class=\"img has-hover x md-x lg-x y md-y lg-y\" id=\"image_1454566143\">\n\t\t<a class=\"image-lightbox lightbox-gallery\" title=\"\" href=\"https:\/\/tinimex.com\/wp-content\/uploads\/2023\/07\/HACCP.jpg\">\t\t\t\t\t\t<div class=\"img-inner dark\" >\n\t\t\t<img loading=\"lazy\" decoding=\"async\" width=\"567\" height=\"867\" src=\"https:\/\/tinimex.com\/wp-content\/uploads\/2023\/07\/HACCP.jpg\" class=\"attachment-original size-original\" alt=\"\" srcset=\"https:\/\/tinimex.com\/wp-content\/uploads\/2023\/07\/HACCP.jpg 567w, https:\/\/tinimex.com\/wp-content\/uploads\/2023\/07\/HACCP-262x400.jpg 262w, https:\/\/tinimex.com\/wp-content\/uploads\/2023\/07\/HACCP-523x800.jpg 523w\" sizes=\"(max-width: 567px) 100vw, 567px\" \/>\t\t\t\t\t\t\n\t\t\t\t\t<\/div>\n\t\t\t\t\t\t<\/a>\t\t\n<style>\n#image_1454566143 {\n  width: 100%;\n}\n<\/style>\n\t<\/div>\n\t\n\t\t<\/div>\n\t\t\t\t\t<\/div>\n\n\t\n\n\t<div id=\"col-1232126027\" class=\"col medium-3 small-12 large-3\"  >\n\t\t\t\t<div class=\"col-inner\"  >\n\t\t\t\n\t\t\t\n\t<div class=\"img has-hover x md-x lg-x y md-y lg-y\" id=\"image_487773439\">\n\t\t<a class=\"image-lightbox lightbox-gallery\" title=\"\" href=\"https:\/\/tinimex.com\/wp-content\/uploads\/2023\/07\/Cer-1.jpg\">\t\t\t\t\t\t<div class=\"img-inner dark\" >\n\t\t\t<img loading=\"lazy\" decoding=\"async\" width=\"655\" height=\"932\" src=\"https:\/\/tinimex.com\/wp-content\/uploads\/2023\/07\/Cer-1.jpg\" class=\"attachment-original size-original\" alt=\"\" srcset=\"https:\/\/tinimex.com\/wp-content\/uploads\/2023\/07\/Cer-1.jpg 655w, https:\/\/tinimex.com\/wp-content\/uploads\/2023\/07\/Cer-1-281x400.jpg 281w, https:\/\/tinimex.com\/wp-content\/uploads\/2023\/07\/Cer-1-562x800.jpg 562w, https:\/\/tinimex.com\/wp-content\/uploads\/2023\/07\/Cer-1-600x854.jpg 600w\" sizes=\"(max-width: 655px) 100vw, 655px\" \/>\t\t\t\t\t\t\n\t\t\t\t\t<\/div>\n\t\t\t\t\t\t<\/a>\t\t\n<style>\n#image_487773439 {\n  width: 100%;\n}\n<\/style>\n\t<\/div>\n\t\n\t\t<\/div>\n\t\t\t\t\t<\/div>\n\n\t\n\n\t<div id=\"col-1745758160\" class=\"col medium-3 small-12 large-3\"  >\n\t\t\t\t<div class=\"col-inner\"  >\n\t\t\t\n\t\t\t\n\t<div class=\"img has-hover x md-x lg-x y md-y lg-y\" id=\"image_1702819349\">\n\t\t<a class=\"image-lightbox lightbox-gallery\" title=\"\" href=\"https:\/\/tinimex.com\/wp-content\/uploads\/2023\/07\/Cer-2.jpg\">\t\t\t\t\t\t<div class=\"img-inner dark\" >\n\t\t\t<img loading=\"lazy\" decoding=\"async\" width=\"656\" height=\"931\" src=\"https:\/\/tinimex.com\/wp-content\/uploads\/2023\/07\/Cer-2.jpg\" class=\"attachment-original size-original\" alt=\"\" srcset=\"https:\/\/tinimex.com\/wp-content\/uploads\/2023\/07\/Cer-2.jpg 656w, https:\/\/tinimex.com\/wp-content\/uploads\/2023\/07\/Cer-2-282x400.jpg 282w, https:\/\/tinimex.com\/wp-content\/uploads\/2023\/07\/Cer-2-564x800.jpg 564w, https:\/\/tinimex.com\/wp-content\/uploads\/2023\/07\/Cer-2-600x852.jpg 600w\" sizes=\"(max-width: 656px) 100vw, 656px\" \/>\t\t\t\t\t\t\n\t\t\t\t\t<\/div>\n\t\t\t\t\t\t<\/a>\t\t\n<style>\n#image_1702819349 {\n  width: 100%;\n}\n<\/style>\n\t<\/div>\n\t\n\t\t<\/div>\n\t\t\t\t\t<\/div>\n\n\t\n<\/div>\n","protected":false},"excerpt":{"rendered":"<p>TINIMEX\u2019S CERTIFICATES Tinimex Co.,Ltd c\u00f3 tr\u1ee5 s\u1edf ch\u00ednh t\u1ea1i Vi\u1ec7t Nam v\u1edbi c\u00e1c v\u0103n ph\u00f2ng \u0111\u1eb7t t\u1ea1i Th\u00e0nh ph\u1ed1 H\u00e0 N\u1ed9i, Vi\u1ec7t Nam. Gia v\u1ecb, tr\u00e1i c\u00e2y t\u01b0\u01a1i, tr\u00e1i c\u00e2y s\u1ea5y kh\u00f4 v\u00e0 c\u00e1c s\u1ea3n ph\u1ea9m th\u00e2n thi\u1ec7n v\u1edbi m\u00f4i tr\u01b0\u1eddng l\u00e0 m\u1ed9t trong nh\u1eefng s\u1ea3n ph\u1ea9m ch\u1ee7 l\u1ef1c c\u1ee7a ch\u00fang t\u00f4i. Ch\u00fang t\u00f4i thu&#8230;<\/p>\n","protected":false},"author":1,"featured_media":0,"parent":0,"menu_order":0,"comment_status":"closed","ping_status":"closed","template":"","meta":{"footnotes":""},"acf":[],"_links":{"self":[{"href":"https:\/\/tinimex.com\/vi\/wp-json\/wp\/v2\/pages\/370"}],"collection":[{"href":"https:\/\/tinimex.com\/vi\/wp-json\/wp\/v2\/pages"}],"about":[{"href":"https:\/\/tinimex.com\/vi\/wp-json\/wp\/v2\/types\/page"}],"author":[{"embeddable":true,"href":"https:\/\/tinimex.com\/vi\/wp-json\/wp\/v2\/users\/1"}],"replies":[{"embeddable":true,"href":"https:\/\/tinimex.com\/vi\/wp-json\/wp\/v2\/comments?post=370"}],"version-history":[{"count":0,"href":"https:\/\/tinimex.com\/vi\/wp-json\/wp\/v2\/pages\/370\/revisions"}],"wp:attachment":[{"href":"https:\/\/tinimex.com\/vi\/wp-json\/wp\/v2\/media?parent=370"}],"curies":[{"name":"wp","href":"https:\/\/api.w.org\/{rel}","templated":true}]}}